{"id":591,"date":"2022-09-29T16:17:47","date_gmt":"2022-09-29T14:17:47","guid":{"rendered":"http:\/\/aquahak.dev.it5.cz\/?page_id=591"},"modified":"2025-12-01T10:26:56","modified_gmt":"2025-12-01T09:26:56","slug":"hnojiva","status":"publish","type":"page","link":"https:\/\/aquahak.cz\/index.php\/hnojiva\/","title":{"rendered":"Hnojiva"},"content":{"rendered":"\n<div class=\"wp-block-media-text alignwide is-stacked-on-mobile\"><figure class=\"wp-block-media-text__media\"><img loading=\"lazy\" decoding=\"async\" width=\"256\" height=\"162\" src=\"https:\/\/aquahak.cz\/wp-content\/uploads\/2022\/09\/hnojivo.jpg\" alt=\"\" class=\"wp-image-661 size-full\"\/><\/figure><div class=\"wp-block-media-text__content\">\n<h2 class=\"wp-block-heading\" style=\"font-size:30px\"><strong>Osmocote Exact &#8222;Standard&#8220;<\/strong><\/h2>\n\n\n\n<p style=\"font-size:16px\">15+9+11+2MgO<strong><br>\u00da\u010dinnost: <\/strong>8-9 m\u011bs\u00edc\u016f<\/p>\n\n\n\n<figure class=\"wp-block-table is-style-stripes has-medium-font-size\"><table><tbody><tr><td><strong>50 g<\/strong><\/td><td><strong>30,-<\/strong><\/td><\/tr><tr><td><strong>100 g<\/strong><\/td><td><strong>50,-<\/strong><\/td><\/tr><\/tbody><\/table><\/figure>\n\n\n\n<p><strong>Popis:&nbsp;<\/strong>kuli\u010dkov\u00e9 hnojivo s postupn\u00fdm uvol\u0148ov\u00e1n\u00edm do dna (p\u0159i zakl\u00e1d\u00e1n\u00ed akv\u00e1ria) nebo na dno&nbsp;(v zalo\u017een\u00e9m akv\u00e1riu) k rostlink\u00e1m<\/p>\n<\/div><\/div>\n","protected":false},"excerpt":{"rendered":"<p>Osmocote Exact &#8222;Standard&#8220; 15+9+11+2MgO\u00da\u010dinnost: 8-9 m\u011bs\u00edc\u016f 50 g 30,- 100 g 50,- Popis:&nbsp;kuli\u010dkov\u00e9 hnojivo s postupn\u00fdm uvol\u0148ov\u00e1n\u00edm do dna (p\u0159i zakl\u00e1d\u00e1n\u00ed akv\u00e1ria) nebo na dno&nbsp;(v zalo\u017een\u00e9m akv\u00e1riu) k rostlink\u00e1m<\/p>\n","protected":false},"author":1,"featured_media":0,"parent":0,"menu_order":0,"comment_status":"closed","ping_status":"closed","template":"templates\/template-page-full-width.php","meta":{"footnotes":""},"class_list":["post-591","page","type-page","status-publish","hentry"],"_links":{"self":[{"href":"https:\/\/aquahak.cz\/index.php\/wp-json\/wp\/v2\/pages\/591","targetHints":{"allow":["GET"]}}],"collection":[{"href":"https:\/\/aquahak.cz\/index.php\/wp-json\/wp\/v2\/pages"}],"about":[{"href":"https:\/\/aquahak.cz\/index.php\/wp-json\/wp\/v2\/types\/page"}],"author":[{"embeddable":true,"href":"https:\/\/aquahak.cz\/index.php\/wp-json\/wp\/v2\/users\/1"}],"replies":[{"embeddable":true,"href":"https:\/\/aquahak.cz\/index.php\/wp-json\/wp\/v2\/comments?post=591"}],"version-history":[{"count":9,"href":"https:\/\/aquahak.cz\/index.php\/wp-json\/wp\/v2\/pages\/591\/revisions"}],"predecessor-version":[{"id":4371,"href":"https:\/\/aquahak.cz\/index.php\/wp-json\/wp\/v2\/pages\/591\/revisions\/4371"}],"wp:attachment":[{"href":"https:\/\/aquahak.cz\/index.php\/wp-json\/wp\/v2\/media?parent=591"}],"curies":[{"name":"wp","href":"https:\/\/api.w.org\/{rel}","templated":true}]}}