{"id":25,"date":"2022-06-23T14:14:45","date_gmt":"2022-06-23T12:14:45","guid":{"rendered":"http:\/\/aquahak.dev.it5.cz\/?page_id=25"},"modified":"2022-10-03T17:32:44","modified_gmt":"2022-10-03T15:32:44","slug":"ceniky","status":"publish","type":"page","link":"https:\/\/aquahak.cz\/index.php\/ceniky\/","title":{"rendered":"Cen\u00edky"},"content":{"rendered":"<nav style=\"background-color: #a4ab4e;\" class=\"has-background items-justified-center alignfull wp-block-navigation is-content-justification-center is-layout-flex wp-container-core-navigation-is-layout-16018d1d wp-block-navigation-is-layout-flex\" aria-label=\"Cen\u00edky\"><ul style=\"background-color: #a4ab4e;\" class=\"wp-block-navigation__container has-background items-justified-center alignfull wp-block-navigation\"><li class=\" wp-block-navigation-item wp-block-navigation-link\"><a class=\"wp-block-navigation-item__content\"  href=\"https:\/\/aquahak.cz\/index.php\/ryby\/\"><span class=\"wp-block-navigation-item__label\">Ryby<\/span><\/a><\/li><li class=\" wp-block-navigation-item wp-block-navigation-link\"><a class=\"wp-block-navigation-item__content\"  href=\"https:\/\/aquahak.cz\/index.php\/rostliny\/\"><span class=\"wp-block-navigation-item__label\">Rostliny<\/span><\/a><\/li><li class=\" wp-block-navigation-item wp-block-navigation-link\"><a class=\"wp-block-navigation-item__content\"  href=\"https:\/\/aquahak.cz\/index.php\/ostatni-zivocichove\/\"><span class=\"wp-block-navigation-item__label\">Ostatn\u00ed \u017eivo\u010dichov\u00e9<\/span><\/a><\/li><li data-wp-context=\"{ &quot;submenuOpenedBy&quot;: { &quot;click&quot;: false, &quot;hover&quot;: false, &quot;focus&quot;: false }, &quot;type&quot;: &quot;submenu&quot;, &quot;modal&quot;: null, &quot;previousFocus&quot;: null }\" data-wp-interactive=\"core\/navigation\" data-wp-on--focusout=\"actions.handleMenuFocusout\" data-wp-on--keydown=\"actions.handleMenuKeydown\" data-wp-on--mouseenter=\"actions.openMenuOnHover\" data-wp-on--mouseleave=\"actions.closeMenuOnHover\" data-wp-watch=\"callbacks.initMenu\" tabindex=\"-1\" class=\"wp-block-navigation-item has-child open-on-hover-click wp-block-navigation-submenu\"><a class=\"wp-block-navigation-item__content\" href=\"https:\/\/aquahak.cz\/index.php\/doplnky\/\"><span class=\"wp-block-navigation-item__label\">Dopl\u0148ky<\/span><\/a><button data-wp-bind--aria-expanded=\"state.isMenuOpen\" data-wp-on--click=\"actions.toggleMenuOnClick\" aria-label=\"Dopl\u0148ky podmenu\" class=\"wp-block-navigation__submenu-icon wp-block-navigation-submenu__toggle\" ><svg xmlns=\"http:\/\/www.w3.org\/2000\/svg\" width=\"12\" height=\"12\" viewBox=\"0 0 12 12\" fill=\"none\" aria-hidden=\"true\" focusable=\"false\"><path d=\"M1.50002 4L6.00002 8L10.5 4\" stroke-width=\"1.5\"><\/path><\/svg><\/button><ul data-wp-on--focus=\"actions.openMenuOnFocus\" class=\"wp-block-navigation__submenu-container wp-block-navigation-submenu\"><li class=\" wp-block-navigation-item wp-block-navigation-link\"><a class=\"wp-block-navigation-item__content\"  href=\"https:\/\/aquahak.cz\/index.php\/hnojiva\/\"><span class=\"wp-block-navigation-item__label\">Hnojiva<\/span><\/a><\/li><li class=\" wp-block-navigation-item wp-block-navigation-link\"><a class=\"wp-block-navigation-item__content\"  href=\"https:\/\/aquahak.cz\/index.php\/krmiva\/\"><span class=\"wp-block-navigation-item__label\">Krmiva<\/span><\/a><\/li><\/ul><\/li><\/ul><\/nav>\n\n\n<figure class=\"wp-block-gallery has-nested-images columns-default is-cropped wp-block-gallery-1 is-layout-flex wp-block-gallery-is-layout-flex\">\n<figure class=\"wp-block-image size-large\"><img loading=\"lazy\" decoding=\"async\" width=\"2032\" height=\"1524\" data-id=\"89\" src=\"https:\/\/aquahak.cz\/wp-content\/uploads\/2022\/09\/Echinodorus-bleherae.jpg\" alt=\"\" class=\"wp-image-89\" srcset=\"https:\/\/aquahak.cz\/wp-content\/uploads\/2022\/09\/Echinodorus-bleherae.jpg 2032w, https:\/\/aquahak.cz\/wp-content\/uploads\/2022\/09\/Echinodorus-bleherae-300x225.jpg 300w, https:\/\/aquahak.cz\/wp-content\/uploads\/2022\/09\/Echinodorus-bleherae-1024x768.jpg 1024w, https:\/\/aquahak.cz\/wp-content\/uploads\/2022\/09\/Echinodorus-bleherae-768x576.jpg 768w, https:\/\/aquahak.cz\/wp-content\/uploads\/2022\/09\/Echinodorus-bleherae-1536x1152.jpg 1536w\" sizes=\"auto, (max-width: 2032px) 100vw, 2032px\" \/><\/figure>\n\n\n\n<figure class=\"wp-block-image size-large\"><img loading=\"lazy\" decoding=\"async\" width=\"330\" height=\"234\" data-id=\"59\" src=\"https:\/\/aquahak.cz\/wp-content\/uploads\/2022\/09\/Cichlidka_ramirezova.png\" alt=\"\" class=\"wp-image-59\" srcset=\"https:\/\/aquahak.cz\/wp-content\/uploads\/2022\/09\/Cichlidka_ramirezova.png 330w, https:\/\/aquahak.cz\/wp-content\/uploads\/2022\/09\/Cichlidka_ramirezova-300x213.png 300w\" sizes=\"auto, (max-width: 330px) 100vw, 330px\" \/><\/figure>\n\n\n\n<figure class=\"wp-block-image size-large\"><img loading=\"lazy\" decoding=\"async\" width=\"2560\" height=\"1413\" data-id=\"50\" src=\"https:\/\/aquahak.cz\/wp-content\/uploads\/2022\/09\/Ancistrus-sp.-scaled.jpg\" alt=\"\" class=\"wp-image-50\" srcset=\"https:\/\/aquahak.cz\/wp-content\/uploads\/2022\/09\/Ancistrus-sp.-scaled.jpg 2560w, https:\/\/aquahak.cz\/wp-content\/uploads\/2022\/09\/Ancistrus-sp.-300x166.jpg 300w, https:\/\/aquahak.cz\/wp-content\/uploads\/2022\/09\/Ancistrus-sp.-1024x565.jpg 1024w, https:\/\/aquahak.cz\/wp-content\/uploads\/2022\/09\/Ancistrus-sp.-768x424.jpg 768w, https:\/\/aquahak.cz\/wp-content\/uploads\/2022\/09\/Ancistrus-sp.-1536x848.jpg 1536w, https:\/\/aquahak.cz\/wp-content\/uploads\/2022\/09\/Ancistrus-sp.-2048x1131.jpg 2048w\" sizes=\"auto, (max-width: 2560px) 100vw, 2560px\" \/><\/figure>\n<\/figure>\n","protected":false},"excerpt":{"rendered":"","protected":false},"author":1,"featured_media":0,"parent":0,"menu_order":0,"comment_status":"closed","ping_status":"closed","template":"templates\/template-page-full-width.php","meta":{"footnotes":""},"class_list":["post-25","page","type-page","status-publish","hentry"],"_links":{"self":[{"href":"https:\/\/aquahak.cz\/index.php\/wp-json\/wp\/v2\/pages\/25","targetHints":{"allow":["GET"]}}],"collection":[{"href":"https:\/\/aquahak.cz\/index.php\/wp-json\/wp\/v2\/pages"}],"about":[{"href":"https:\/\/aquahak.cz\/index.php\/wp-json\/wp\/v2\/types\/page"}],"author":[{"embeddable":true,"href":"https:\/\/aquahak.cz\/index.php\/wp-json\/wp\/v2\/users\/1"}],"replies":[{"embeddable":true,"href":"https:\/\/aquahak.cz\/index.php\/wp-json\/wp\/v2\/comments?post=25"}],"version-history":[{"count":9,"href":"https:\/\/aquahak.cz\/index.php\/wp-json\/wp\/v2\/pages\/25\/revisions"}],"predecessor-version":[{"id":725,"href":"https:\/\/aquahak.cz\/index.php\/wp-json\/wp\/v2\/pages\/25\/revisions\/725"}],"wp:attachment":[{"href":"https:\/\/aquahak.cz\/index.php\/wp-json\/wp\/v2\/media?parent=25"}],"curies":[{"name":"wp","href":"https:\/\/api.w.org\/{rel}","templated":true}]}}