{"id":22,"date":"2022-06-23T14:13:18","date_gmt":"2022-06-23T12:13:18","guid":{"rendered":"http:\/\/aquahak.dev.it5.cz\/?page_id=22"},"modified":"2025-11-20T19:16:31","modified_gmt":"2025-11-20T18:16:31","slug":"jak-nakupovat","status":"publish","type":"page","link":"https:\/\/aquahak.cz\/index.php\/jak-nakupovat\/","title":{"rendered":"Jak nakupovat"},"content":{"rendered":"\n<h2 class=\"wp-block-heading\">Objedn\u00e1n\u00ed zbo\u017e\u00ed<\/h2>\n\n\n\n<p><strong>1.&nbsp; pokud je\u0161t\u011b nev\u00edte jak\u00e9 druhy rostlinek, rybi\u010dek \u010di ostatn\u00edho sortimentu chcete, m\u016f\u017eete si je vybrat p\u0159\u00edmo v na\u0161em obchod\u011b, r\u00e1di se V\u00e1m budeme v\u011bnovat.<\/strong><\/p>\n\n\n\n<p><strong>2. &nbsp;pokud ji\u017e m\u00e1te jasno, co p\u0159esn\u011b chcete, po\u0161lete n\u00e1m e-mailem svoj\u00ed objedn\u00e1vku s uveden\u00edm term\u00ednu odb\u011bru zbo\u017e\u00ed a my V\u00e1m j\u00ed p\u0159edem p\u0159iprav\u00edme &#8211; je\u0161t\u011b p\u0159edt\u00edm V\u00e1m po\u0161leme e-mail potvrzuj\u00edc\u00ed p\u0159ijet\u00ed objedn\u00e1vky. Objedn\u00e1vku m\u016f\u017eete prov\u00e9st t\u00e9\u017e telefonicky na uveden\u00fdch kontaktn\u00edch \u010d\u00edslech. I v tomto p\u0159\u00edpad\u011b si samo\u017erejm\u011b m\u016f\u017eete svoj\u00ed objedn\u00e1vku doplnit p\u0159\u00edmo v na\u0161em obchod\u011b.<\/strong><\/p>\n\n\n\n<p><strong>3.&nbsp; m\u00e1te-li to k n\u00e1m daleko, po\u0161lete objedn\u00e1vku e-mailem, p\u0159\u00edpadn\u011b telefonicky a my V\u00e1m zbo\u017e\u00ed po\u0161leme bal\u00edkem&nbsp;slu\u017ebou PPL \u010di po\u0161tou (rybi\u010dky nepos\u00edl\u00e1me)<\/strong><\/p>\n\n\n\n<p><\/p>\n\n\n\n<p><\/p>\n\n\n\n<h2 class=\"wp-block-heading\">Odb\u011br zbo\u017e\u00ed<\/h2>\n\n\n\n<p><strong>1.&nbsp; nejlep\u0161\u00edm zp\u016fsobem je osobn\u00ed odb\u011br u n\u00e1s v obchod\u011b<\/strong><\/p>\n\n\n\n<p>&#8230;&#8230;&#8230;&#8230;&#8230;&#8230;&#8230;&#8230;&#8230;&#8230;&#8230;&#8230;&#8230;&#8230;&#8230;&#8230;&#8230;&#8230;&#8230;&#8230;&#8230;&#8230;&#8230;&#8230;&#8230;&#8230;&#8230;&#8230;&#8230;&#8230;&#8230;&#8230;&#8230;&#8230;&#8230;&#8230;&#8230;&#8230;..<\/p>\n\n\n\n<p><strong>2.&nbsp;&nbsp;rostlinky a p\u0159\u00edslu\u0161enstv\u00ed je mo\u017eno zaslat slu\u017ebou PPL \u010di po\u0161tou (rybi\u010dky nepos\u00edl\u00e1me)<\/strong><br>&nbsp;<\/p>\n\n\n\n<p><strong>&#8211; standardn\u011b pos\u00edl\u00e1me bal\u00edky slu\u017ebou PPL na dob\u00edrku<br>&#8211; po osobn\u00ed domluv\u011b jsou mo\u017en\u00e9 tyto varianty:<\/strong><\/p>\n\n\n\n<ul class=\"wp-block-list\">\n<li><strong><em>PPL<\/em> <em><strong>na v\u00fddejn\u00ed m\u00edsto (platba p\u0159evodem)<\/strong><\/em><\/strong> <strong><em>&#8211; 78 K\u010d<\/em><\/strong><\/li>\n\n\n\n<li><strong><em>PPL<\/em> <strong><em>na v\u00fddejn\u00ed m\u00edsto\u00a0(dob\u00edrka)<\/em><\/strong><\/strong> <strong><em>&#8211; 97 K\u010d<\/em><\/strong><\/li>\n\n\n\n<li><strong><em>PPL&nbsp;na adresu (platba p\u0159evodem)<\/em><\/strong> <strong><em>&#8211; 108 K\u010d<\/em><\/strong><\/li>\n\n\n\n<li><strong><em>PPL&nbsp;na adresu (dob\u00edrka)<\/em><\/strong> <strong><em>&#8211; 127 K\u010d<\/em><\/strong><\/li>\n<\/ul>\n\n\n\n<ul class=\"wp-block-list\">\n<li><em><strong>Z\u00e1silkovna &#8211; na v\u00fddejn\u00ed m\u00edsto (platba p\u0159evodem)<\/strong> <strong>&#8211; 89 K\u010d<\/strong><\/em><\/li>\n\n\n\n<li><strong><em>Z\u00e1silkovna &#8211; na v\u00fddejn\u00ed m\u00edsto&nbsp;(dob\u00edrka)<\/em><\/strong> <strong><em>&#8211; 115 K\u010d<\/em><\/strong><\/li>\n\n\n\n<li><em><strong>Z\u00e1silkovna &#8211; na adresu (platba p\u0159evodem)<\/strong> <strong>&#8211; 129 K\u010d<\/strong><\/em><\/li>\n\n\n\n<li><strong><em>Z\u00e1silkovna &#8211; na adresu&nbsp;(dob\u00edrka)<\/em><\/strong> <strong><em>&#8211; 155 K\u010d<\/em><\/strong><\/li>\n<\/ul>\n\n\n\n<ul class=\"wp-block-list\">\n<li><strong><em>\u010cesk\u00e1 po\u0161ta (platba p\u0159evodem)<\/em><\/strong><strong><em>&nbsp;&#8211;&nbsp;<strong>117 K\u010d *<\/strong><\/em><\/strong><\/li>\n\n\n\n<li><strong><em>\u010cesk\u00e1 po\u0161ta (dob\u00edrka)<\/em><\/strong><strong><em>&nbsp;&#8211;&nbsp;<strong>174 K\u010d *<\/strong><\/em><\/strong><\/li>\n<\/ul>\n\n\n\n<p><strong>* &#8211; cena za bal\u00edk do 2 kg (p\u0159i v\u011bt\u0161\u00ed hmotnosti &#8211; nav\u00fd\u0161en\u00ed ceny dle platn\u00e9ho cen\u00edku \u010desk\u00e9 po\u0161ty)<\/strong><\/p>\n\n\n\n<p><strong><em>baln\u00e9 &#8211; 20 K\u010d ( v zimn\u00edm obdob\u00ed 30 K\u010d )<\/em><\/strong><\/p>\n","protected":false},"excerpt":{"rendered":"<p>Objedn\u00e1n\u00ed zbo\u017e\u00ed 1.&nbsp; pokud je\u0161t\u011b nev\u00edte jak\u00e9 druhy rostlinek, rybi\u010dek \u010di ostatn\u00edho sortimentu chcete, m\u016f\u017eete si je vybrat p\u0159\u00edmo v na\u0161em obchod\u011b, r\u00e1di se V\u00e1m budeme v\u011bnovat. 2. &nbsp;pokud ji\u017e m\u00e1te jasno, co p\u0159esn\u011b chcete, po\u0161lete n\u00e1m e-mailem svoj\u00ed objedn\u00e1vku s uveden\u00edm term\u00ednu odb\u011bru zbo\u017e\u00ed a my V\u00e1m j\u00ed p\u0159edem p\u0159iprav\u00edme &#8211; je\u0161t\u011b p\u0159edt\u00edm V\u00e1m [&hellip;]<\/p>\n","protected":false},"author":1,"featured_media":0,"parent":0,"menu_order":0,"comment_status":"closed","ping_status":"closed","template":"templates\/template-page-full-width.php","meta":{"footnotes":""},"class_list":["post-22","page","type-page","status-publish","hentry"],"_links":{"self":[{"href":"https:\/\/aquahak.cz\/index.php\/wp-json\/wp\/v2\/pages\/22","targetHints":{"allow":["GET"]}}],"collection":[{"href":"https:\/\/aquahak.cz\/index.php\/wp-json\/wp\/v2\/pages"}],"about":[{"href":"https:\/\/aquahak.cz\/index.php\/wp-json\/wp\/v2\/types\/page"}],"author":[{"embeddable":true,"href":"https:\/\/aquahak.cz\/index.php\/wp-json\/wp\/v2\/users\/1"}],"replies":[{"embeddable":true,"href":"https:\/\/aquahak.cz\/index.php\/wp-json\/wp\/v2\/comments?post=22"}],"version-history":[{"count":7,"href":"https:\/\/aquahak.cz\/index.php\/wp-json\/wp\/v2\/pages\/22\/revisions"}],"predecessor-version":[{"id":4318,"href":"https:\/\/aquahak.cz\/index.php\/wp-json\/wp\/v2\/pages\/22\/revisions\/4318"}],"wp:attachment":[{"href":"https:\/\/aquahak.cz\/index.php\/wp-json\/wp\/v2\/media?parent=22"}],"curies":[{"name":"wp","href":"https:\/\/api.w.org\/{rel}","templated":true}]}}