{"id":177,"date":"2022-09-26T16:07:31","date_gmt":"2022-09-26T14:07:31","guid":{"rendered":"http:\/\/aquahak.dev.it5.cz\/?page_id=177"},"modified":"2022-09-26T16:07:40","modified_gmt":"2022-09-26T14:07:40","slug":"realizace-akvarii","status":"publish","type":"page","link":"https:\/\/aquahak.cz\/index.php\/realizace-akvarii\/","title":{"rendered":"Realizace akv\u00e1ri\u00ed"},"content":{"rendered":"\n<p><strong>Realizace akv\u00e1ri\u00ed z na\u0161ich rostlin prov\u00e1d\u00ed<br>pan Roman Tich\u00fd &#8211; Hradec Kr\u00e1lov\u00e9, Pardubice a okol\u00ed<\/strong><\/p>\n\n\n\n<p>Roman Tich\u00fd<br>Urbanice 54<br>503 27&nbsp; Lhota pod Lib\u010dany<\/p>\n\n\n\n<p>tel.: +420 603 844 403<br>email: akvarista@atlas.cz<br><a href=\"http:\/\/akvaristaroman.rybicky.net\/\" target=\"_blank\" rel=\"noreferrer noopener\">http:\/\/akvaristaroman.rybicky.net\/<\/a><\/p>\n\n\n\n<p>Pod\u00edvejte se na uk\u00e1zky ji\u017e realizovan\u00fdch akv\u00e1ri\u00ed<\/p>\n\n\n\n<figure class=\"wp-block-gallery has-nested-images columns-default is-cropped wp-block-gallery-1 is-layout-flex wp-block-gallery-is-layout-flex\">\n<figure class=\"wp-block-image size-large\"><img loading=\"lazy\" decoding=\"async\" width=\"960\" height=\"720\" data-id=\"182\" src=\"https:\/\/aquahak.cz\/wp-content\/uploads\/2022\/09\/49727994_2580816845537914_3759671773709205504_n.jpg\" alt=\"\" class=\"wp-image-182\" srcset=\"https:\/\/aquahak.cz\/wp-content\/uploads\/2022\/09\/49727994_2580816845537914_3759671773709205504_n.jpg 960w, https:\/\/aquahak.cz\/wp-content\/uploads\/2022\/09\/49727994_2580816845537914_3759671773709205504_n-300x225.jpg 300w, https:\/\/aquahak.cz\/wp-content\/uploads\/2022\/09\/49727994_2580816845537914_3759671773709205504_n-768x576.jpg 768w\" sizes=\"auto, (max-width: 960px) 100vw, 960px\" \/><\/figure>\n\n\n\n<figure class=\"wp-block-image size-large\"><img loading=\"lazy\" decoding=\"async\" width=\"912\" height=\"684\" data-id=\"180\" src=\"https:\/\/aquahak.cz\/wp-content\/uploads\/2022\/09\/51563394_640941066339043_3182057822686806016_n.jpg\" alt=\"\" class=\"wp-image-180\" srcset=\"https:\/\/aquahak.cz\/wp-content\/uploads\/2022\/09\/51563394_640941066339043_3182057822686806016_n.jpg 912w, https:\/\/aquahak.cz\/wp-content\/uploads\/2022\/09\/51563394_640941066339043_3182057822686806016_n-300x225.jpg 300w, https:\/\/aquahak.cz\/wp-content\/uploads\/2022\/09\/51563394_640941066339043_3182057822686806016_n-768x576.jpg 768w\" sizes=\"auto, (max-width: 912px) 100vw, 912px\" \/><\/figure>\n\n\n\n<figure class=\"wp-block-image size-large\"><img loading=\"lazy\" decoding=\"async\" width=\"720\" height=\"539\" data-id=\"181\" src=\"https:\/\/aquahak.cz\/wp-content\/uploads\/2022\/09\/51956045_398986823981223_868735690567843840_n.jpg\" alt=\"\" class=\"wp-image-181\" srcset=\"https:\/\/aquahak.cz\/wp-content\/uploads\/2022\/09\/51956045_398986823981223_868735690567843840_n.jpg 720w, https:\/\/aquahak.cz\/wp-content\/uploads\/2022\/09\/51956045_398986823981223_868735690567843840_n-300x225.jpg 300w\" sizes=\"auto, (max-width: 720px) 100vw, 720px\" \/><\/figure>\n\n\n\n<figure class=\"wp-block-image size-large\"><img loading=\"lazy\" decoding=\"async\" width=\"256\" height=\"192\" data-id=\"179\" src=\"https:\/\/aquahak.cz\/wp-content\/uploads\/2022\/09\/53111070_363412490917163_4683588018685083648_n.jpg\" alt=\"\" class=\"wp-image-179\"\/><\/figure>\n\n\n\n<figure class=\"wp-block-image size-large\"><img loading=\"lazy\" decoding=\"async\" width=\"256\" height=\"98\" data-id=\"178\" src=\"https:\/\/aquahak.cz\/wp-content\/uploads\/2022\/09\/53264638_601048423641756_7350108732010790912_n.jpg\" alt=\"\" class=\"wp-image-178\"\/><\/figure>\n\n\n\n<figure class=\"wp-block-image size-large\"><img loading=\"lazy\" decoding=\"async\" width=\"960\" height=\"720\" data-id=\"183\" src=\"https:\/\/aquahak.cz\/wp-content\/uploads\/2022\/09\/53333250_408625343016481_5409573642172366848_n.jpg\" alt=\"\" class=\"wp-image-183\" srcset=\"https:\/\/aquahak.cz\/wp-content\/uploads\/2022\/09\/53333250_408625343016481_5409573642172366848_n.jpg 960w, https:\/\/aquahak.cz\/wp-content\/uploads\/2022\/09\/53333250_408625343016481_5409573642172366848_n-300x225.jpg 300w, https:\/\/aquahak.cz\/wp-content\/uploads\/2022\/09\/53333250_408625343016481_5409573642172366848_n-768x576.jpg 768w\" sizes=\"auto, (max-width: 960px) 100vw, 960px\" \/><\/figure>\n\n\n\n<figure class=\"wp-block-image size-large\"><img loading=\"lazy\" decoding=\"async\" width=\"256\" height=\"192\" data-id=\"185\" src=\"https:\/\/aquahak.cz\/wp-content\/uploads\/2022\/09\/55865257_513677975826905_5499495821965524992_n.jpg\" alt=\"\" class=\"wp-image-185\"\/><\/figure>\n\n\n\n<figure class=\"wp-block-image size-large\"><img loading=\"lazy\" decoding=\"async\" width=\"256\" height=\"145\" data-id=\"184\" src=\"https:\/\/aquahak.cz\/wp-content\/uploads\/2022\/09\/IMG_20180709_220504_resized_20180709_101336826.jpg\" alt=\"\" class=\"wp-image-184\"\/><\/figure>\n<\/figure>\n","protected":false},"excerpt":{"rendered":"<p>Realizace akv\u00e1ri\u00ed z na\u0161ich rostlin prov\u00e1d\u00edpan Roman Tich\u00fd &#8211; Hradec Kr\u00e1lov\u00e9, Pardubice a okol\u00ed Roman Tich\u00fdUrbanice 54503 27&nbsp; Lhota pod Lib\u010dany tel.: +420 603 844 403email: akvarista@atlas.czhttp:\/\/akvaristaroman.rybicky.net\/ Pod\u00edvejte se na uk\u00e1zky ji\u017e realizovan\u00fdch akv\u00e1ri\u00ed<\/p>\n","protected":false},"author":1,"featured_media":0,"parent":0,"menu_order":0,"comment_status":"closed","ping_status":"closed","template":"templates\/template-page-full-width.php","meta":{"footnotes":""},"class_list":["post-177","page","type-page","status-publish","hentry"],"_links":{"self":[{"href":"https:\/\/aquahak.cz\/index.php\/wp-json\/wp\/v2\/pages\/177","targetHints":{"allow":["GET"]}}],"collection":[{"href":"https:\/\/aquahak.cz\/index.php\/wp-json\/wp\/v2\/pages"}],"about":[{"href":"https:\/\/aquahak.cz\/index.php\/wp-json\/wp\/v2\/types\/page"}],"author":[{"embeddable":true,"href":"https:\/\/aquahak.cz\/index.php\/wp-json\/wp\/v2\/users\/1"}],"replies":[{"embeddable":true,"href":"https:\/\/aquahak.cz\/index.php\/wp-json\/wp\/v2\/comments?post=177"}],"version-history":[{"count":1,"href":"https:\/\/aquahak.cz\/index.php\/wp-json\/wp\/v2\/pages\/177\/revisions"}],"predecessor-version":[{"id":186,"href":"https:\/\/aquahak.cz\/index.php\/wp-json\/wp\/v2\/pages\/177\/revisions\/186"}],"wp:attachment":[{"href":"https:\/\/aquahak.cz\/index.php\/wp-json\/wp\/v2\/media?parent=177"}],"curies":[{"name":"wp","href":"https:\/\/api.w.org\/{rel}","templated":true}]}}