{"id":170,"date":"2022-09-26T15:37:10","date_gmt":"2022-09-26T13:37:10","guid":{"rendered":"http:\/\/aquahak.dev.it5.cz\/?page_id=170"},"modified":"2026-04-01T10:36:21","modified_gmt":"2026-04-01T08:36:21","slug":"ostatni-zivocichove","status":"publish","type":"page","link":"https:\/\/aquahak.cz\/index.php\/ostatni-zivocichove\/","title":{"rendered":"Ostatn\u00ed \u017eivo\u010dichov\u00e9"},"content":{"rendered":"\n<h1 class=\"wp-block-heading has-large-font-size\"><strong>V\u0161echny uv\u00e1d\u011bn\u00e9 ceny&nbsp;jsou&nbsp;za jednotliv\u00e9 kusy.<\/strong><a href=\"https:\/\/aquahak.cz\/rubriky\"><\/a><\/h1>\n\n\n\n<p style=\"font-size:18px\"><strong>Pro jistotu dostupnosti po\u017eadovan\u00fdch \u017eivo\u010dich\u016f, n\u00e1s pros\u00edm p\u0159edem kontaktujte<\/strong><br><strong>&#8211; dostupnost se m\u016f\u017ee velice rychle m\u011bnit.<\/strong><\/p>\n\n\n\n<p style=\"font-size:18px\"><strong>Aktualizace: 1.4.2026<\/strong><br><strong>(pro zobrazen\u00ed posledn\u00ed aktualizace pros\u00edm\u00a0zm\u00e1\u010dkn\u011bte\u00a0kl\u00e1vesu F5)<\/strong><\/p>\n\n\n\n<p><a href=\"https:\/\/aquahak.cz\/rubriky\"><\/a><\/p>\n\n\n\n<div class=\"wp-block-media-text alignwide is-stacked-on-mobile\"><figure class=\"wp-block-media-text__media\"><img loading=\"lazy\" decoding=\"async\" width=\"256\" height=\"172\" src=\"https:\/\/aquahak.cz\/wp-content\/uploads\/2022\/09\/drapatecka.jpg\" alt=\"\" class=\"wp-image-618 size-full\"\/><\/figure><div class=\"wp-block-media-text__content\">\n<h2 class=\"wp-block-heading\"><strong>Dr\u00e1pate\u010dka mal\u00e1<\/strong><br><\/h2>\n\n\n\n<div style=\"height:30px\" aria-hidden=\"true\" class=\"wp-block-spacer\"><\/div>\n\n\n\n<div style=\"height:30px\" aria-hidden=\"true\" class=\"wp-block-spacer\"><\/div>\n\n\n\n<div class=\"wp-block-columns is-layout-flex wp-container-core-columns-is-layout-9d6595d7 wp-block-columns-is-layout-flex\">\n<div class=\"wp-block-column is-layout-flow wp-block-column-is-layout-flow\">\n<p style=\"font-size:30px\"><strong>Cena: 35,-<\/strong><\/p>\n<\/div>\n\n\n\n<div class=\"wp-block-column is-vertically-aligned-center is-layout-flow wp-block-column-is-layout-flow\">\n<p class=\"has-vivid-green-cyan-color has-text-color has-medium-font-size\"><strong>dostupn\u00e9<\/strong><\/p>\n<\/div>\n<\/div>\n<\/div><\/div>\n\n\n\n<div style=\"height:50px\" aria-hidden=\"true\" class=\"wp-block-spacer\"><\/div>\n\n\n\n<div class=\"wp-block-media-text alignwide has-media-on-the-right is-stacked-on-mobile\"><div class=\"wp-block-media-text__content\">\n<h2 class=\"wp-block-heading\"><strong>Krevetka<\/strong> <strong>&#8222;Blue dream&#8220;<\/strong><br><\/h2>\n\n\n\n<div style=\"height:30px\" aria-hidden=\"true\" class=\"wp-block-spacer\"><\/div>\n\n\n\n<div style=\"height:30px\" aria-hidden=\"true\" class=\"wp-block-spacer\"><\/div>\n\n\n\n<div class=\"wp-block-columns is-layout-flex wp-container-core-columns-is-layout-9d6595d7 wp-block-columns-is-layout-flex\">\n<div class=\"wp-block-column is-layout-flow wp-block-column-is-layout-flow\">\n<p style=\"font-size:30px\"><strong>Cena: 50,-<\/strong><\/p>\n<\/div>\n\n\n\n<div class=\"wp-block-column is-vertically-aligned-center is-layout-flow wp-block-column-is-layout-flow\">\n<p class=\"has-vivid-red-color has-text-color has-medium-font-size\"><strong>nedostupn\u00e9<\/strong><\/p>\n<\/div>\n<\/div>\n<\/div><figure class=\"wp-block-media-text__media\"><img loading=\"lazy\" decoding=\"async\" width=\"256\" height=\"155\" src=\"https:\/\/aquahak.cz\/wp-content\/uploads\/2022\/11\/Blue_dream_detail.jpg\" alt=\"\" class=\"wp-image-1240 size-full\"\/><\/figure><\/div>\n\n\n\n<div style=\"height:50px\" aria-hidden=\"true\" class=\"wp-block-spacer\"><\/div>\n\n\n\n<div class=\"wp-block-media-text alignwide is-stacked-on-mobile\"><figure class=\"wp-block-media-text__media\"><img loading=\"lazy\" decoding=\"async\" width=\"256\" height=\"108\" src=\"https:\/\/aquahak.cz\/wp-content\/uploads\/2022\/11\/asperulum.jpg\" alt=\"\" class=\"wp-image-1239 size-full\"\/><\/figure><div class=\"wp-block-media-text__content\">\n<h2 class=\"wp-block-heading\"><strong>Krevetka<\/strong><br><strong>&#8222;Macrobrachium asperulum&#8220;<\/strong><br><\/h2>\n\n\n\n<div style=\"height:30px\" aria-hidden=\"true\" class=\"wp-block-spacer\"><\/div>\n\n\n\n<div style=\"height:30px\" aria-hidden=\"true\" class=\"wp-block-spacer\"><\/div>\n\n\n\n<div class=\"wp-block-columns is-layout-flex wp-container-core-columns-is-layout-9d6595d7 wp-block-columns-is-layout-flex\">\n<div class=\"wp-block-column is-layout-flow wp-block-column-is-layout-flow\">\n<p style=\"font-size:30px\"><strong>Cena: 60,-<\/strong><\/p>\n<\/div>\n\n\n\n<div class=\"wp-block-column is-vertically-aligned-center is-layout-flow wp-block-column-is-layout-flow\">\n<p class=\"has-vivid-red-color has-text-color has-medium-font-size\"><strong>nedostupn\u00e9<\/strong><\/p>\n<\/div>\n<\/div>\n<\/div><\/div>\n\n\n\n<div style=\"height:50px\" aria-hidden=\"true\" class=\"wp-block-spacer\"><\/div>\n\n\n\n<div class=\"wp-block-media-text alignwide has-media-on-the-right is-stacked-on-mobile\"><div class=\"wp-block-media-text__content\">\n<h2 class=\"wp-block-heading\"><strong>Krevetka &#8222;Red Cherry&#8220;<\/strong><br><\/h2>\n\n\n\n<div style=\"height:30px\" aria-hidden=\"true\" class=\"wp-block-spacer\"><\/div>\n\n\n\n<div style=\"height:30px\" aria-hidden=\"true\" class=\"wp-block-spacer\"><\/div>\n\n\n\n<div class=\"wp-block-columns is-layout-flex wp-container-core-columns-is-layout-9d6595d7 wp-block-columns-is-layout-flex\">\n<div class=\"wp-block-column is-layout-flow wp-block-column-is-layout-flow\">\n<p style=\"font-size:30px\"><strong>Cena: 18,-<\/strong><\/p>\n<\/div>\n\n\n\n<div class=\"wp-block-column is-vertically-aligned-center is-layout-flow wp-block-column-is-layout-flow\">\n<p class=\"has-vivid-red-color has-text-color has-medium-font-size\"><strong>nedostupn\u00e9<\/strong><\/p>\n<\/div>\n<\/div>\n<\/div><figure class=\"wp-block-media-text__media\"><img loading=\"lazy\" decoding=\"async\" width=\"256\" height=\"134\" src=\"https:\/\/aquahak.cz\/wp-content\/uploads\/2022\/09\/krevetka_red_cherry.jpg\" alt=\"\" class=\"wp-image-629 size-full\"\/><\/figure><\/div>\n\n\n\n<div style=\"height:50px\" aria-hidden=\"true\" class=\"wp-block-spacer\"><\/div>\n\n\n\n<div class=\"wp-block-media-text alignwide is-stacked-on-mobile\"><figure class=\"wp-block-media-text__media\"><img loading=\"lazy\" decoding=\"async\" width=\"256\" height=\"176\" src=\"https:\/\/aquahak.cz\/wp-content\/uploads\/2022\/11\/Red_Rili_detail.jpg\" alt=\"\" class=\"wp-image-1249 size-full\"\/><\/figure><div class=\"wp-block-media-text__content\">\n<h2 class=\"wp-block-heading\"><strong>Krevetka &#8222;Red Rili&#8220;<\/strong><br><\/h2>\n\n\n\n<div style=\"height:30px\" aria-hidden=\"true\" class=\"wp-block-spacer\"><\/div>\n\n\n\n<div style=\"height:30px\" aria-hidden=\"true\" class=\"wp-block-spacer\"><\/div>\n\n\n\n<div class=\"wp-block-columns is-layout-flex wp-container-core-columns-is-layout-9d6595d7 wp-block-columns-is-layout-flex\">\n<div class=\"wp-block-column is-layout-flow wp-block-column-is-layout-flow\">\n<p style=\"font-size:30px\"><strong>Cena: 45,-<\/strong><\/p>\n<\/div>\n\n\n\n<div class=\"wp-block-column is-vertically-aligned-center is-layout-flow wp-block-column-is-layout-flow\">\n<p class=\"has-vivid-green-cyan-color has-text-color has-medium-font-size\"><strong>dostupn\u00e9<\/strong><\/p>\n<\/div>\n<\/div>\n<\/div><\/div>\n\n\n\n<div style=\"height:50px\" aria-hidden=\"true\" class=\"wp-block-spacer\"><\/div>\n\n\n\n<div class=\"wp-block-media-text alignwide has-media-on-the-right is-stacked-on-mobile\"><div class=\"wp-block-media-text__content\">\n<h2 class=\"wp-block-heading\"><strong>Krevetka &#8222;Sakura orange&#8220;<\/strong><br><\/h2>\n\n\n\n<div style=\"height:30px\" aria-hidden=\"true\" class=\"wp-block-spacer\"><\/div>\n\n\n\n<div style=\"height:30px\" aria-hidden=\"true\" class=\"wp-block-spacer\"><\/div>\n\n\n\n<div class=\"wp-block-columns is-layout-flex wp-container-core-columns-is-layout-9d6595d7 wp-block-columns-is-layout-flex\">\n<div class=\"wp-block-column is-layout-flow wp-block-column-is-layout-flow\">\n<p style=\"font-size:30px\"><strong>Cena: 45,-<\/strong><\/p>\n<\/div>\n\n\n\n<div class=\"wp-block-column is-vertically-aligned-center is-layout-flow wp-block-column-is-layout-flow\">\n<p class=\"has-vivid-green-cyan-color has-text-color has-medium-font-size\"><strong>dostupn\u00e9<\/strong><\/p>\n<\/div>\n<\/div>\n<\/div><figure class=\"wp-block-media-text__media\"><img loading=\"lazy\" decoding=\"async\" width=\"1024\" height=\"595\" src=\"https:\/\/aquahak.cz\/wp-content\/uploads\/2026\/03\/sakura_orange-1024x595.jpg\" alt=\"\" class=\"wp-image-4762 size-full\" srcset=\"https:\/\/aquahak.cz\/wp-content\/uploads\/2026\/03\/sakura_orange-1024x595.jpg 1024w, https:\/\/aquahak.cz\/wp-content\/uploads\/2026\/03\/sakura_orange-300x174.jpg 300w, https:\/\/aquahak.cz\/wp-content\/uploads\/2026\/03\/sakura_orange-768x446.jpg 768w, https:\/\/aquahak.cz\/wp-content\/uploads\/2026\/03\/sakura_orange-1536x892.jpg 1536w, https:\/\/aquahak.cz\/wp-content\/uploads\/2026\/03\/sakura_orange.jpg 1740w\" sizes=\"auto, (max-width: 1024px) 100vw, 1024px\" \/><\/figure><\/div>\n\n\n\n<div style=\"height:50px\" aria-hidden=\"true\" class=\"wp-block-spacer\"><\/div>\n\n\n\n<div class=\"wp-block-media-text alignwide is-stacked-on-mobile\"><figure class=\"wp-block-media-text__media\"><img loading=\"lazy\" decoding=\"async\" width=\"256\" height=\"192\" src=\"https:\/\/aquahak.cz\/wp-content\/uploads\/2022\/11\/Sakura_red_detail.jpg\" alt=\"\" class=\"wp-image-1250 size-full\"\/><\/figure><div class=\"wp-block-media-text__content\">\n<h2 class=\"wp-block-heading\"><strong>Krevetka &#8222;Sakura red&#8220;<\/strong><br><\/h2>\n\n\n\n<div style=\"height:30px\" aria-hidden=\"true\" class=\"wp-block-spacer\"><\/div>\n\n\n\n<div style=\"height:30px\" aria-hidden=\"true\" class=\"wp-block-spacer\"><\/div>\n\n\n\n<div class=\"wp-block-columns is-layout-flex wp-container-core-columns-is-layout-9d6595d7 wp-block-columns-is-layout-flex\">\n<div class=\"wp-block-column is-layout-flow wp-block-column-is-layout-flow\">\n<p style=\"font-size:30px\"><strong>Cena: 45,-<\/strong><\/p>\n<\/div>\n\n\n\n<div class=\"wp-block-column is-vertically-aligned-center is-layout-flow wp-block-column-is-layout-flow\">\n<p class=\"has-vivid-green-cyan-color has-text-color has-medium-font-size\"><strong>dostupn\u00e9<\/strong><\/p>\n<\/div>\n<\/div>\n<\/div><\/div>\n\n\n\n<div style=\"height:50px\" aria-hidden=\"true\" class=\"wp-block-spacer\"><\/div>\n\n\n\n<div class=\"wp-block-media-text alignwide has-media-on-the-right is-stacked-on-mobile\"><div class=\"wp-block-media-text__content\">\n<h2 class=\"wp-block-heading\"><strong>Krevetka &#8222;Yellow neon&#8220;<\/strong><br><\/h2>\n\n\n\n<div style=\"height:30px\" aria-hidden=\"true\" class=\"wp-block-spacer\"><\/div>\n\n\n\n<div style=\"height:30px\" aria-hidden=\"true\" class=\"wp-block-spacer\"><\/div>\n\n\n\n<div class=\"wp-block-columns is-layout-flex wp-container-core-columns-is-layout-9d6595d7 wp-block-columns-is-layout-flex\">\n<div class=\"wp-block-column is-layout-flow wp-block-column-is-layout-flow\">\n<p style=\"font-size:30px\"><strong>Cena: 45,-<\/strong><\/p>\n<\/div>\n\n\n\n<div class=\"wp-block-column is-vertically-aligned-center is-layout-flow wp-block-column-is-layout-flow\">\n<p class=\"has-vivid-red-color has-text-color has-medium-font-size\"><strong>nedostupn\u00e9<\/strong><\/p>\n<\/div>\n<\/div>\n<\/div><figure class=\"wp-block-media-text__media\"><img loading=\"lazy\" decoding=\"async\" width=\"256\" height=\"148\" src=\"https:\/\/aquahak.cz\/wp-content\/uploads\/2022\/11\/neocaridina_yellow_neon.jpg\" alt=\"\" class=\"wp-image-1247 size-full\"\/><\/figure><\/div>\n\n\n\n<div style=\"height:50px\" aria-hidden=\"true\" class=\"wp-block-spacer\"><\/div>\n\n\n\n<div class=\"wp-block-media-text alignwide is-stacked-on-mobile\"><figure class=\"wp-block-media-text__media\"><img loading=\"lazy\" decoding=\"async\" width=\"256\" height=\"208\" src=\"https:\/\/aquahak.cz\/wp-content\/uploads\/2022\/11\/Mechyrovka-vychodni.jpg\" alt=\"\" class=\"wp-image-1245 size-full\"\/><\/figure><div class=\"wp-block-media-text__content\">\n<h2 class=\"wp-block-heading\"><strong>M\u011bch\u00fd\u0159ovka v\u00fdchodn\u00ed<\/strong><br>(Ampul\u00e1rie)<br><\/h2>\n\n\n\n<div style=\"height:30px\" aria-hidden=\"true\" class=\"wp-block-spacer\"><\/div>\n\n\n\n<div style=\"height:30px\" aria-hidden=\"true\" class=\"wp-block-spacer\"><\/div>\n\n\n\n<div class=\"wp-block-columns is-layout-flex wp-container-core-columns-is-layout-9d6595d7 wp-block-columns-is-layout-flex\">\n<div class=\"wp-block-column is-layout-flow wp-block-column-is-layout-flow\">\n<p style=\"font-size:30px\"><strong>Cena: 18,-<\/strong><\/p>\n<\/div>\n\n\n\n<div class=\"wp-block-column is-vertically-aligned-center is-layout-flow wp-block-column-is-layout-flow\">\n<p class=\"has-vivid-red-color has-text-color has-medium-font-size\"><strong>nedostupn\u00e9<\/strong><\/p>\n<\/div>\n<\/div>\n<\/div><\/div>\n\n\n\n<div style=\"height:50px\" aria-hidden=\"true\" class=\"wp-block-spacer\"><\/div>\n\n\n\n<div class=\"wp-block-media-text alignwide has-media-on-the-right is-stacked-on-mobile\"><div class=\"wp-block-media-text__content\">\n<h2 class=\"wp-block-heading\"><strong>M\u011bch\u00fd\u0159ovka v\u00fdchodn\u00ed<br>LEMON<\/strong><br>(Ampul\u00e1rie)<br><\/h2>\n\n\n\n<div style=\"height:30px\" aria-hidden=\"true\" class=\"wp-block-spacer\"><\/div>\n\n\n\n<div style=\"height:30px\" aria-hidden=\"true\" class=\"wp-block-spacer\"><\/div>\n\n\n\n<div class=\"wp-block-columns is-layout-flex wp-container-core-columns-is-layout-9d6595d7 wp-block-columns-is-layout-flex\">\n<div class=\"wp-block-column is-layout-flow wp-block-column-is-layout-flow\">\n<p style=\"font-size:30px\"><strong>Cena: 18,-<\/strong><\/p>\n<\/div>\n\n\n\n<div class=\"wp-block-column is-vertically-aligned-center is-layout-flow wp-block-column-is-layout-flow\">\n<p class=\"has-vivid-red-color has-text-color has-medium-font-size\"><strong>nedostupn\u00e9<\/strong><\/p>\n<\/div>\n<\/div>\n<\/div><figure class=\"wp-block-media-text__media\"><img loading=\"lazy\" decoding=\"async\" width=\"1024\" height=\"777\" src=\"https:\/\/aquahak.cz\/wp-content\/uploads\/2022\/11\/Mechyrovka-vychodni-LEMON-1-1024x777.jpg\" alt=\"\" class=\"wp-image-1365 size-full\" srcset=\"https:\/\/aquahak.cz\/wp-content\/uploads\/2022\/11\/Mechyrovka-vychodni-LEMON-1-1024x777.jpg 1024w, https:\/\/aquahak.cz\/wp-content\/uploads\/2022\/11\/Mechyrovka-vychodni-LEMON-1-300x228.jpg 300w, https:\/\/aquahak.cz\/wp-content\/uploads\/2022\/11\/Mechyrovka-vychodni-LEMON-1-768x583.jpg 768w, https:\/\/aquahak.cz\/wp-content\/uploads\/2022\/11\/Mechyrovka-vychodni-LEMON-1.jpg 1194w\" sizes=\"auto, (max-width: 1024px) 100vw, 1024px\" \/><\/figure><\/div>\n\n\n\n<div style=\"height:50px\" aria-hidden=\"true\" class=\"wp-block-spacer\"><\/div>\n\n\n\n<div class=\"wp-block-media-text alignwide is-stacked-on-mobile\"><figure class=\"wp-block-media-text__media\"><img loading=\"lazy\" decoding=\"async\" width=\"1024\" height=\"783\" src=\"https:\/\/aquahak.cz\/wp-content\/uploads\/2022\/11\/Neritina_sp.Zebra_-1-1024x783.jpg\" alt=\"\" class=\"wp-image-1362 size-full\" srcset=\"https:\/\/aquahak.cz\/wp-content\/uploads\/2022\/11\/Neritina_sp.Zebra_-1-1024x783.jpg 1024w, https:\/\/aquahak.cz\/wp-content\/uploads\/2022\/11\/Neritina_sp.Zebra_-1-300x229.jpg 300w, https:\/\/aquahak.cz\/wp-content\/uploads\/2022\/11\/Neritina_sp.Zebra_-1-768x587.jpg 768w, https:\/\/aquahak.cz\/wp-content\/uploads\/2022\/11\/Neritina_sp.Zebra_-1-1536x1174.jpg 1536w, https:\/\/aquahak.cz\/wp-content\/uploads\/2022\/11\/Neritina_sp.Zebra_-1-2048x1566.jpg 2048w\" sizes=\"auto, (max-width: 1024px) 100vw, 1024px\" \/><\/figure><div class=\"wp-block-media-text__content\">\n<h2 class=\"wp-block-heading\"><strong>Neritina sp.Zebra<\/strong><br><\/h2>\n\n\n\n<div style=\"height:30px\" aria-hidden=\"true\" class=\"wp-block-spacer\"><\/div>\n\n\n\n<p><strong>Popis:<\/strong> v\u00fdborn\u00fd ni\u010ditel \u0159as<\/p>\n\n\n\n<div style=\"height:30px\" aria-hidden=\"true\" class=\"wp-block-spacer\"><\/div>\n\n\n\n<div class=\"wp-block-columns is-layout-flex wp-container-core-columns-is-layout-9d6595d7 wp-block-columns-is-layout-flex\">\n<div class=\"wp-block-column is-layout-flow wp-block-column-is-layout-flow\">\n<p style=\"font-size:30px\"><strong>Cena: 30,-<\/strong><\/p>\n<\/div>\n\n\n\n<div class=\"wp-block-column is-vertically-aligned-center is-layout-flow wp-block-column-is-layout-flow\">\n<p class=\"has-vivid-green-cyan-color has-text-color has-medium-font-size\"><strong>dostupn\u00e9<\/strong><\/p>\n<\/div>\n<\/div>\n<\/div><\/div>\n\n\n\n<div style=\"height:50px\" aria-hidden=\"true\" class=\"wp-block-spacer\"><\/div>\n\n\n\n<div class=\"wp-block-media-text alignwide has-media-on-the-right is-stacked-on-mobile\"><div class=\"wp-block-media-text__content\">\n<h2 class=\"wp-block-heading\"><strong>Surmovka vra\u017eedn\u00e1<\/strong><br>(Anentome helena)<br><\/h2>\n\n\n\n<div style=\"height:30px\" aria-hidden=\"true\" class=\"wp-block-spacer\"><\/div>\n\n\n\n<p><strong>Popis:<\/strong> \u0161nek po\u017e\u00edraj\u00edc\u00ed ostatn\u00ed \u0161neky<\/p>\n\n\n\n<div style=\"height:30px\" aria-hidden=\"true\" class=\"wp-block-spacer\"><\/div>\n\n\n\n<div class=\"wp-block-columns is-layout-flex wp-container-core-columns-is-layout-9d6595d7 wp-block-columns-is-layout-flex\">\n<div class=\"wp-block-column is-layout-flow wp-block-column-is-layout-flow\">\n<p style=\"font-size:30px\"><strong>Cena: 20,-<\/strong><\/p>\n<\/div>\n\n\n\n<div class=\"wp-block-column is-vertically-aligned-center is-layout-flow wp-block-column-is-layout-flow\">\n<p class=\"has-vivid-green-cyan-color has-text-color has-medium-font-size\"><strong>dostupn\u00e9<\/strong><\/p>\n<\/div>\n<\/div>\n<\/div><figure class=\"wp-block-media-text__media\"><img loading=\"lazy\" decoding=\"async\" width=\"1024\" height=\"630\" src=\"https:\/\/aquahak.cz\/wp-content\/uploads\/2022\/11\/Anentome_helena-1-1024x630.jpg\" alt=\"\" class=\"wp-image-1353 size-full\" srcset=\"https:\/\/aquahak.cz\/wp-content\/uploads\/2022\/11\/Anentome_helena-1-1024x630.jpg 1024w, https:\/\/aquahak.cz\/wp-content\/uploads\/2022\/11\/Anentome_helena-1-300x185.jpg 300w, https:\/\/aquahak.cz\/wp-content\/uploads\/2022\/11\/Anentome_helena-1-768x473.jpg 768w, https:\/\/aquahak.cz\/wp-content\/uploads\/2022\/11\/Anentome_helena-1-1536x945.jpg 1536w, https:\/\/aquahak.cz\/wp-content\/uploads\/2022\/11\/Anentome_helena-1-2048x1260.jpg 2048w\" sizes=\"auto, (max-width: 1024px) 100vw, 1024px\" \/><\/figure><\/div>\n","protected":false},"excerpt":{"rendered":"<p>V\u0161echny uv\u00e1d\u011bn\u00e9 ceny&nbsp;jsou&nbsp;za jednotliv\u00e9 kusy. Pro jistotu dostupnosti po\u017eadovan\u00fdch \u017eivo\u010dich\u016f, n\u00e1s pros\u00edm p\u0159edem kontaktujte&#8211; dostupnost se m\u016f\u017ee velice rychle m\u011bnit. Aktualizace: 1.4.2026(pro zobrazen\u00ed posledn\u00ed aktualizace pros\u00edm\u00a0zm\u00e1\u010dkn\u011bte\u00a0kl\u00e1vesu F5)<\/p>\n","protected":false},"author":1,"featured_media":0,"parent":0,"menu_order":0,"comment_status":"closed","ping_status":"closed","template":"templates\/template-page-full-width.php","meta":{"footnotes":""},"class_list":["post-170","page","type-page","status-publish","hentry"],"_links":{"self":[{"href":"https:\/\/aquahak.cz\/index.php\/wp-json\/wp\/v2\/pages\/170","targetHints":{"allow":["GET"]}}],"collection":[{"href":"https:\/\/aquahak.cz\/index.php\/wp-json\/wp\/v2\/pages"}],"about":[{"href":"https:\/\/aquahak.cz\/index.php\/wp-json\/wp\/v2\/types\/page"}],"author":[{"embeddable":true,"href":"https:\/\/aquahak.cz\/index.php\/wp-json\/wp\/v2\/users\/1"}],"replies":[{"embeddable":true,"href":"https:\/\/aquahak.cz\/index.php\/wp-json\/wp\/v2\/comments?post=170"}],"version-history":[{"count":10,"href":"https:\/\/aquahak.cz\/index.php\/wp-json\/wp\/v2\/pages\/170\/revisions"}],"predecessor-version":[{"id":4814,"href":"https:\/\/aquahak.cz\/index.php\/wp-json\/wp\/v2\/pages\/170\/revisions\/4814"}],"wp:attachment":[{"href":"https:\/\/aquahak.cz\/index.php\/wp-json\/wp\/v2\/media?parent=170"}],"curies":[{"name":"wp","href":"https:\/\/api.w.org\/{rel}","templated":true}]}}