{"id":134,"date":"2022-09-26T15:17:29","date_gmt":"2022-09-26T13:17:29","guid":{"rendered":"http:\/\/aquahak.dev.it5.cz\/?page_id=134"},"modified":"2022-09-26T15:17:29","modified_gmt":"2022-09-26T13:17:29","slug":"o-nas","status":"publish","type":"page","link":"https:\/\/aquahak.cz\/index.php\/o-nas\/","title":{"rendered":"O n\u00e1s"},"content":{"rendered":"\n<p><strong>1.4.2014 jsme otev\u0159eli kamenn\u00fd obch\u016fdek v&nbsp;p\u0159\u00edzem\u00ed rodinn\u00e9ho domu, na stejn\u00e9 adrese, kde byly (a st\u00e1le jsou) prodejn\u00ed sklen\u00edky.&nbsp;V&nbsp;nich samoz\u0159ejm\u011b nad\u00e1le pokra\u010dujeme v&nbsp;p\u011bstov\u00e1n\u00ed akvarijn\u00edch rostlin a odchovu n\u011bkter\u00fdch druh\u016f ryb.<\/strong><\/p>\n\n\n\n<p><br><strong>D\u00edky v\u011bt\u0161\u00edmu prostoru, v\u00e1m nyn\u00ed m\u016f\u017eeme nab\u00eddnout kompletn\u00ed sortiment pro akvaristy, od hadi\u010dky a\u017e po cel\u00e9 akvarijn\u00ed sety.\u00a0Roz\u0161\u00ed\u0159ili jsme i nab\u00eddku rostlin a ryb o nov\u00e9 druhy, pro kter\u00e9 d\u0159\u00edve nebylo m\u00edsto.<br><br>Jak to u n\u00e1s vypad\u00e1 se m\u016f\u017eete pod\u00edvat v Menu &#8211; Fotogalerie &#8211; Obchod<br><br>T\u011b\u0161\u00edme se na vid\u011bnou v\u00a0na\u0161em obch\u016fdku.<\/strong><\/p>\n","protected":false},"excerpt":{"rendered":"<p>1.4.2014 jsme otev\u0159eli kamenn\u00fd obch\u016fdek v&nbsp;p\u0159\u00edzem\u00ed rodinn\u00e9ho domu, na stejn\u00e9 adrese, kde byly (a st\u00e1le jsou) prodejn\u00ed sklen\u00edky.&nbsp;V&nbsp;nich samoz\u0159ejm\u011b nad\u00e1le pokra\u010dujeme v&nbsp;p\u011bstov\u00e1n\u00ed akvarijn\u00edch rostlin a odchovu n\u011bkter\u00fdch druh\u016f ryb. D\u00edky v\u011bt\u0161\u00edmu prostoru, v\u00e1m nyn\u00ed m\u016f\u017eeme nab\u00eddnout kompletn\u00ed sortiment pro akvaristy, od hadi\u010dky a\u017e po cel\u00e9 akvarijn\u00ed sety.\u00a0Roz\u0161\u00ed\u0159ili jsme i nab\u00eddku rostlin a ryb o nov\u00e9 [&hellip;]<\/p>\n","protected":false},"author":1,"featured_media":0,"parent":0,"menu_order":0,"comment_status":"closed","ping_status":"closed","template":"templates\/template-page-full-width.php","meta":{"footnotes":""},"class_list":["post-134","page","type-page","status-publish","hentry"],"_links":{"self":[{"href":"https:\/\/aquahak.cz\/index.php\/wp-json\/wp\/v2\/pages\/134","targetHints":{"allow":["GET"]}}],"collection":[{"href":"https:\/\/aquahak.cz\/index.php\/wp-json\/wp\/v2\/pages"}],"about":[{"href":"https:\/\/aquahak.cz\/index.php\/wp-json\/wp\/v2\/types\/page"}],"author":[{"embeddable":true,"href":"https:\/\/aquahak.cz\/index.php\/wp-json\/wp\/v2\/users\/1"}],"replies":[{"embeddable":true,"href":"https:\/\/aquahak.cz\/index.php\/wp-json\/wp\/v2\/comments?post=134"}],"version-history":[{"count":1,"href":"https:\/\/aquahak.cz\/index.php\/wp-json\/wp\/v2\/pages\/134\/revisions"}],"predecessor-version":[{"id":135,"href":"https:\/\/aquahak.cz\/index.php\/wp-json\/wp\/v2\/pages\/134\/revisions\/135"}],"wp:attachment":[{"href":"https:\/\/aquahak.cz\/index.php\/wp-json\/wp\/v2\/media?parent=134"}],"curies":[{"name":"wp","href":"https:\/\/api.w.org\/{rel}","templated":true}]}}